{"id":12696,"date":"2025-11-24T09:58:39","date_gmt":"2025-11-24T08:58:39","guid":{"rendered":"http:\/\/www.kunst-haus.at\/?page_id=12696"},"modified":"2026-04-13T14:18:04","modified_gmt":"2026-04-13T12:18:04","slug":"powerful","status":"publish","type":"page","link":"http:\/\/www.kunst-haus.at\/?page_id=12696","title":{"rendered":"united efforts"},"content":{"rendered":"<p>[vc_row][vc_column width=&#8220;1\/3&#8243;][vc_single_image image=&#8220;12591&#8243; img_size=&#8220;full&#8220; css_animation=&#8220;appear&#8220;][\/vc_column][vc_column width=&#8220;1\/3&#8243;][vc_column_text css_animation=&#8220;bounceIn&#8220;]<\/p>\n<h4>Es ist nicht nachvollziehbar, dass Menschen, die selbst an den Grenzen ihrer Existenz stehen, sich dennoch f\u00fcr soziale Belange engagieren und einsetzen, gleichzeitig aber keine Wertsch\u00e4tzung in Form von beispielsweise eine Anerkennung f\u00fcr Dinge wie Kraftstoff oder Lebensmittel erhalten.Bericht \/ Lesen<\/h4>\n<h4>Wertsch\u00e4tzung warum ?<\/h4>\n<p>[\/vc_column_text][\/vc_column][vc_column width=&#8220;1\/3&#8243;][vc_column_text css_animation=&#8220;bounceIn&#8220;]<\/p>\n<h4>&#8222;Ebenso unverst\u00e4ndlich ist, dass von den Landes- Bundes oder Stadtbeh\u00f6rden die Unterst\u00fctzung f\u00fcr zahlreiche Vereine und Organisationen, insbesondere im sozialen und kunst Sektor, nicht gew\u00e4hrt oder gef\u00f6rdert wurde.<\/h4>\n<h4>Ist das Wertsch\u00e4tzung?&#8220;<\/h4>\n<p>[\/vc_column_text][\/vc_column][\/vc_row][vc_row][vc_column][vc_hoverbox image=&#8220;12848&#8243; primary_title=&#8220;united efforts&#8220; hover_title=&#8220;united efforts&#8220;]<\/p>\n<h4>&#8222;Mit vereinten Kr\u00e4ften&#8220;<\/h4>\n<p>&nbsp;<\/p>\n<p>&nbsp;[\/vc_hoverbox][vc_column_text]<\/p>\n<h5><\/h5>\n<h5>Da wir unsere Verwaltungskosten aus Eigenmitteln selbst tragen, ohne Unterst\u00fctzung seitens der Landes- oder Stadtbeh\u00f6rden, sind wir in der Lage, die Erl\u00f6se aus den Artikeln, die wir auf Basaren oder Flohm\u00e4rkten verkaufen, vollst\u00e4ndig ohne versteckte Kosten an Vereine weiterzuleiten, die im sozialen Bereich, im Bereich Kunst t\u00e4tig sind oder an freiwillige sowie engagierte Einzelpersonen.<\/h5>\n<h5><\/h5>\n<p>[\/vc_column_text][vc_cta h2=&#8220;Wenn Ihr dabei mithelfen wollt, wie k\u00f6nnen Sie uns unterst\u00fctzen ?&#8220;][\/vc_cta][vc_column_text][\/vc_column_text][\/vc_column][\/vc_row][vc_row][vc_column width=&#8220;1\/2&#8243;][vc_single_image image=&#8220;12704&#8243; img_size=&#8220;full&#8220; css_animation=&#8220;appear&#8220;][\/vc_column][vc_column width=&#8220;1\/2&#8243;][vc_cta h2=&#8220;&#8220;]<\/p>\n<h4>Wenn wir einander zuh\u00f6ren, unsere Gef\u00fchle und unsere Ideen teilen und f\u00fcreinander da sind, ist das bereits der erste Schritt, um uns gegenseitig zu unterst\u00fctzen.<\/h4>\n<p>[\/vc_cta][vc_column_text css_animation=&#8220;bounceIn&#8220;]<\/p>\n<h4>Besuchen Sie eine unserer Auff\u00fchrungen !<br \/>\nErwerben sie einen Artikel Ihrer Wahl : B\u00fccher,Bilder Werke die von uns bereitgestellt wurden.<\/h4>\n<h4>Durch das Spenden von Sachgegenst\u00e4nden :<br \/>\nMedien: wie CDs, DVD, Blu-Ray oder Langspielplatten<\/h4>\n<h4>Spielzeug: wie z.B. Brett- oder Gesellschaftsspiele, Musikinstrumente, Bausteine (bitte keine Spielzeug-Waffen)<\/h4>\n<h4>B\u00fccher ,Bilder,Werke die sie nicht mehr ben\u00f6tigen.<\/h4>\n<p>[\/vc_column_text][\/vc_column][\/vc_row][vc_row][vc_column][vc_cta h2=&#8220;&#8220;]<\/p>\n<h4>&#8222;M\u00f6gliche Optionen zur Durchf\u00fchrung von sozialen Veranstaltungen, Werbefl\u00e4chen und Schaufenstern, in denen genehmigte Plakatierungen vorgenommen werden k\u00f6nnen&#8230;.&#8220;<\/h4>\n<p>[\/vc_cta][vc_column_text]<\/p>\n<h5>Sie k\u00f6nnen uns auch direkt Geld spenden oder unsere Sache unterst\u00fctzen, indem Sie eine Spende in die Box bei einer der Veranstaltung einwerfen.<\/h5>\n<p>[\/vc_column_text][\/vc_column][\/vc_row][vc_row][vc_column][vc_cta h2=&#8220;&#8220;]<\/p>\n<h4>&#8222;Mit der freiwilligen Zuwendung wird stets unser kommendes Vorhaben gef\u00f6rdert. N\u00e4chster thematischer Fokus (Frauenwelttag 2026) \/A Day for Woman mehrere Veranstaltungen .<\/h4>\n<p>[\/vc_cta][vc_column_text]<\/p>\n<h5>Jede noch so kleine Handlung der N\u00e4chstenliebe ist wichtig.&#8220;<br \/>\nWir freuen uns \u00fcber jede Form der Unterst\u00fctzung!<\/h5>\n<p>[\/vc_column_text][vc_cta h2=&#8220;Ein gro\u00dfes Dankesch\u00f6n an Euch.&#8220;]<\/p>\n<h4>Wir m\u00f6chten uns ebenfalls f\u00fcr Ihr Interesse und Ihre Bekundungen bedanken, da dies f\u00fcr unsere Motivation von ebenso gro\u00dfer Bedeutung ist.<\/h4>\n<p>[\/vc_cta][vc_column_text]<audio class=\"wp-audio-shortcode\" id=\"audio-12696-1\" preload=\"none\" style=\"width: 100%;\" controls=\"controls\"><source type=\"audio\/mpeg\" src=\"http:\/\/www.kunst-haus.at\/wp-content\/uploads\/2025\/11\/piano-violine-guitar.mp3?_=1\" \/><a href=\"http:\/\/www.kunst-haus.at\/wp-content\/uploads\/2025\/11\/piano-violine-guitar.mp3\">http:\/\/www.kunst-haus.at\/wp-content\/uploads\/2025\/11\/piano-violine-guitar.mp3<\/a><\/audio>[\/vc_column_text][\/vc_column][\/vc_row]<\/p>\n","protected":false},"excerpt":{"rendered":"<p>[vc_row][vc_column width=&#8220;1\/3&#8243;][vc_single_image image=&#8220;12591&#8243; img_size=&#8220;full&#8220; css_animation=&#8220;appear&#8220;][\/vc_column][vc_column width=&#8220;1\/3&#8243;][vc_column_text css_animation=&#8220;bounceIn&#8220;] Es ist nicht nachvollziehbar, dass Menschen, die selbst an den Grenzen ihrer Existenz stehen, sich dennoch f\u00fcr soziale Belange engagieren und einsetzen, gleichzeitig aber keine Wertsch\u00e4tzung in Form von beispielsweise eine Anerkennung f\u00fcr Dinge wie Kraftstoff oder Lebensmittel erhalten.Bericht \/ Lesen Wertsch\u00e4tzung warum<span class=\"more-link\"><a href=\"http:\/\/www.kunst-haus.at\/?page_id=12696\">Weiterlesen<\/a><\/span><\/p>\n","protected":false},"author":1,"featured_media":12854,"parent":0,"menu_order":0,"comment_status":"closed","ping_status":"closed","template":"","meta":{"_monsterinsights_skip_tracking":false,"_monsterinsights_sitenote_active":false,"_monsterinsights_sitenote_note":"","_monsterinsights_sitenote_category":0,"ngg_post_thumbnail":0,"footnotes":""},"class_list":["entry","author-wordpressadmin","post-12696","page","type-page","status-publish","has-post-thumbnail"],"_links":{"self":[{"href":"http:\/\/www.kunst-haus.at\/index.php?rest_route=\/wp\/v2\/pages\/12696","targetHints":{"allow":["GET"]}}],"collection":[{"href":"http:\/\/www.kunst-haus.at\/index.php?rest_route=\/wp\/v2\/pages"}],"about":[{"href":"http:\/\/www.kunst-haus.at\/index.php?rest_route=\/wp\/v2\/types\/page"}],"author":[{"embeddable":true,"href":"http:\/\/www.kunst-haus.at\/index.php?rest_route=\/wp\/v2\/users\/1"}],"replies":[{"embeddable":true,"href":"http:\/\/www.kunst-haus.at\/index.php?rest_route=%2Fwp%2Fv2%2Fcomments&post=12696"}],"version-history":[{"count":16,"href":"http:\/\/www.kunst-haus.at\/index.php?rest_route=\/wp\/v2\/pages\/12696\/revisions"}],"predecessor-version":[{"id":13020,"href":"http:\/\/www.kunst-haus.at\/index.php?rest_route=\/wp\/v2\/pages\/12696\/revisions\/13020"}],"wp:featuredmedia":[{"embeddable":true,"href":"http:\/\/www.kunst-haus.at\/index.php?rest_route=\/wp\/v2\/media\/12854"}],"wp:attachment":[{"href":"http:\/\/www.kunst-haus.at\/index.php?rest_route=%2Fwp%2Fv2%2Fmedia&parent=12696"}],"curies":[{"name":"wp","href":"https:\/\/api.w.org\/{rel}","templated":true}]}}