{"id":12225,"date":"2025-11-03T20:22:24","date_gmt":"2025-11-03T19:22:24","guid":{"rendered":"http:\/\/www.kunst-haus.at\/?page_id=12225"},"modified":"2025-11-03T20:27:00","modified_gmt":"2025-11-03T19:27:00","slug":"about-kunst-haus","status":"publish","type":"page","link":"http:\/\/www.kunst-haus.at\/?page_id=12225","title":{"rendered":"About \/ Kunst-haus"},"content":{"rendered":"<p>[vc_row][vc_column][\/vc_column][\/vc_row][vc_row][vc_column][vc_hoverbox image=&#8220;11710&#8243; primary_title=&#8220;&#8220; primary_align=&#8220;left&#8220; hover_title=&#8220;About Kunst-haus&#8220;]Im K\u00fcnstlerfreunschaftskreis ist jeder herzlich willkommen.<\/p>\n<p>&nbsp;<\/p>\n<p>&nbsp;<\/p>\n<p>[\/vc_hoverbox][\/vc_column][\/vc_row][vc_row][vc_column][\/vc_column][\/vc_row][vc_row][vc_column][vc_tta_accordion][vc_tta_section title=&#8220;Einleitung :&#8220; tab_id=&#8220;1761584651095-c5e19341-a3fa&#8220;][vc_column_text]Es enth\u00e4lt unsere Motivationen und Ziele \u2013 warum und f\u00fcr wen wir das alles machen. Wir sind nicht nur ein K\u00fcnstlerfreunschaftskreis : wir sind offener, sozialer und kulturell vielf\u00e4ltiger eine Bewegung. Eine gute Frage. Ein lauter Appell.Offenheit ist ein zentraler Bestandteil unserer Idee .[\/vc_column_text][vc_column_text][\/vc_column_text][\/vc_tta_section][vc_tta_section title=&#8220;Viele Freundschaften :&#8220; tab_id=&#8220;1761585641540-c8d02c4a-2d3a&#8220;][vc_column_text]Viele Freundschaften bestehen schon seit \u00fcber 30.Jahren .Man kennt sich nicht nur sondern man hegt und pflegt sie auch, so halten sie \u00fcber viele Jahre hinweg.<br \/>\nDurch Kooperation mit Unternehmen ,St\u00e4dte werden Themen in K\u00fcnstlerische Programme- Projekte erstellt und pr\u00e4sentiert.<br \/>\nF\u00fcr den K\u00fcnstler\/in ergeben sich nach den Veranstaltungen Auftragsarbeiten ,F\u00f6rderungen und mehr\u2026<br \/>\nArt Novem steht nicht im Vordergrund ,die Zusammenarbeit ist uns wichtig.[\/vc_column_text][vc_column_text][\/vc_column_text][\/vc_tta_section][vc_tta_section title=&#8220;Das Besondere :&#8220; tab_id=&#8220;1761585786363-32300b14-9cc4&#8243;][vc_column_text]Das besondere des K\u00fcnstlerfreundschaftskreises ist: Junge oder ( aktive ) K\u00fcnstler\/innen kommen selbst aus einem multikulturellen Hintergrund ,mit der dazugeh\u00f6renden Kultur und bilden ein buntes Team. Dessen Farbe, Lebendigkeit, Vielf\u00e4ltigkeit sind auch die Gr\u00fcnde, weshalb auch die Projekte zu Auszeichnung und Erfolg f\u00fchren.<br \/>\nEin Charakteristikum des Freundschaftskreises ist die enge Verkn\u00fcpfung von sozialen und k\u00fcnstlerischen Aktivit\u00e4ten. Wir wollen Kunst und Kultur nicht als etwas von Gesellschaft und Leben Abgesondertes denken, sondern dazu beitragen, dass sich Soziales und K\u00fcnstlerisches wechselseitig befruchten.Zum Wissensaustausch und zur Begegnung, hier bauen wir Freundschaften auf.<br \/>\nAu\u00dferdem ist offensichtlich, dass f\u00fcr ein soziokulturelles Vorhaben erfahrene und engagierte Akteure von N\u00f6ten sind. Deshalb freuen wir uns, dass sich dem Freundschaftskreis eine gro\u00dfe Zahl von Personen angeschlossen haben, die eine entsprechende k\u00fcnstlerische als auch soziale Qualifizierung bzw. Berufsausbildung besitzen. Viele k\u00f6nnen aus \u00e4hnlich gelagerten Initiativen jahrelange Erfahrungen einbringen. Zukunftsweisend ist zudem die sehr gute, auch internationale Vernetzung.die wir schon aufgebaut haben und ein st\u00e4ndiges Arbeiten an der kulturellen und soziale Entfaltung, f\u00fcr neue Lebenswirklichkeiten. F\u00fcr K\u00fcnstler\/innen Kunstinterresierte Menschen, die miteinander leben und arbeiten wollen.[\/vc_column_text][vc_column_text][\/vc_column_text][\/vc_tta_section][vc_tta_section title=&#8220;Kollektive Idee:&#8220; tab_id=&#8220;1761585900785-b238f1e1-7b98&#8243;][vc_column_text]Vereinzelung und Verwertungsdruck setzt Art Novem eine kollektive Idee entgegen, die auf gegenseitiger Unterst\u00fctzung beruht und sich selbst tragen wird. Kunst und Leben sind f\u00fcr uns nicht getrennt voneinander denkbar. Die Bedingungen, die uns dies erm\u00f6glichen, wollen wir schaffen und langfristig erhalten \u2013 sozial, kulturell, r\u00e4umlich und \u00f6konomisch.<br \/>\nArt Novem engagiert sich f\u00fcr die Pr\u00e4sentation \u2013 Ausstellung und F\u00f6rderung zeitgen\u00f6ssischer K\u00fcnstler ( akademischen, autodidakten, von jungen, noch unbekannten und auch bekannten K\u00fcnstlern\/innen ) und dem Angebot von Kunstobjekten an K\u00e4ufer und Sammler.[\/vc_column_text][vc_column_text][\/vc_column_text][\/vc_tta_section][vc_tta_section title=&#8220;Anregungen :&#8220; tab_id=&#8220;1761585957376-774f0704-7700&#8243;][vc_column_text]Dar\u00fcber hinaus bem\u00fcht sich Art Novem darum, dass Inhalte des Portale Eingang findet in k\u00fcnstlerische Arbeiten. daf\u00fcr gibt es Anregungen und es werden mit Arbeiten aus dem eigenen Kreis Beispiele gebracht. Damit wird auf unserer Homepage um jeden K\u00fcnstler geworben.<br \/>\nWir sind stets bestrebt, jeden einzelnen K\u00fcnstler, den wir auf unserer Homepage pr\u00e4sentieren auch ausstellen, zu f\u00f6rdern, seine Werke einer breiteren \u00d6ffentlichkeit zug\u00e4nglich zu machen und somit seinen Bekanntheitsgrad zu erh\u00f6hen und bei der Entwicklung der Karriere des K\u00fcnstlers mitzuhelfen. Gleichzeitig arbeiten wir auch eng mit Sammlern zusammen. Vereine,Initiativen,K\u00fcnstler\/innen,, sollen hier auf dem Portal einen Bezugsort finden.Hierf\u00fcr wird das Portal , ein Ausgangspunkt f\u00fcr ein anderes Verst\u00e4ndnis von Kunst. Dabei werden die unterschiedlichsten Kunst- und Kulturans\u00e4tze parallel existieren und sich gegenseitig befruchten \u2013 denn Best\u00e4ndigkeit und Wandelbarkeit sind uns gleicherma\u00dfen wichtig.[\/vc_column_text][vc_column_text][\/vc_column_text][\/vc_tta_section][vc_tta_section title=&#8220;Die Zusammenarbeit :&#8220; tab_id=&#8220;1761586058836-416033c0-69bb&#8220;][vc_column_text]B\u00fcndelung von K\u00fcnstlervereinen, k\u00fcnstlerischen Ateliers,Museen, Galerien, Initiativen, K\u00fcnstler\/innen wirtschaftlich arbeitenden Betrieben und Studios, einem koordinierenden Netzwerk, Gastronomie und Ausstellungst\u00e4tigkeit die Kooperationen f\u00f6rdern und die Kommunikation der verschiedenen Bereichen zu erleichten.<br \/>\nArt Novem will zur Verstetigung des k\u00fcnstlerischen Schaffens in der Stadt und der Region beitragen und begreift dabei die Jugendarbeit sowie die F\u00f6rderung des talentierten Nachwuchses als wesentlichen Bestandteil. Ebenso soll es Angebote geben, die interessierten Laien M\u00f6glichkeiten zu k\u00fcnstlerischer Eigenbesch\u00e4ftigung bieten, wobei besonderer Wert auf qualifizierte und fachgerechte Anleitung gelegt wird.<br \/>\nWir wollen k\u00fcnstlerische und kulturelle Vorstellungen Wirklichkeit werden lassen k\u00f6nnen: Gemeinschaftsateliers, Individualr\u00e4ume usw..[\/vc_column_text][vc_column_text][\/vc_column_text][\/vc_tta_section][vc_tta_section title=&#8220;Ziele : &#8220; tab_id=&#8220;1761586127869-dae2dd1e-1d2e&#8220;][vc_column_text]Ziel von Art Novem, muss es aber auch sein sein, allein orientiert an ihren k\u00fcnstlerischen bzw. intellektuellen Leistungen diejenigen Pers\u00f6nlichkeiten aus Kunst und Soziales zu gemeinsamem Engagement zu versammeln, die f\u00fcr ein kosmopolitisches Kulturleben stehen, die den Austausch von Gedanken suchen wie die k\u00fcnstlerische Arbeit jenseits enger Grenzen und Abgrenzungen einer jeglichen oder religi\u00f6sen oder politischen Dogmatik.Besonderes Markenzeichen eine starke und einflussreiche Repr\u00e4sentanz von K\u00fcnstler\/Innen aller Sparten, die einer Vielfalt an Perspektiven, transkulturellen Positionen und k\u00fcnstlerischen Erfahrungen jenseits einer westlich-europ\u00e4ischen Ideenwelt Geltung verschaffen und diese k\u00fcnstlerisch entfalten und \u00f6ffentlich zur Wirkung bringen k\u00f6nnen.<br \/>\nDer internationale Austausch, grenz\u00fcberschreitende k\u00fcnstlerische Kooperationen wie auch die Einbindung von K\u00fcnstler\/innen mit transnationalen Biografien in das lokale kulturelle Geschehen bieten den Kunstinterresierten das Privileg, eine F\u00fclle an k\u00fcnstlerischen Ausdrucksformen zu (er-) leben und dar\u00fcber selbst an Weltoffenheit und Weltl\u00e4ufigkeit zu gewinnen. Abgesehen davon birgt die Bereicherung des Kunstlebens durch einen stetigen Zustrom von K\u00fcnstlern, Ideen und Projekten die Chance, dass der Alpen Adria Raum als Kulturmetropole national und international an Bedeutung gewinnt.[\/vc_column_text][vc_column_text][\/vc_column_text][\/vc_tta_section][vc_tta_section title=&#8220;Philosophie :&#8220; tab_id=&#8220;1761586224403-68356087-c3e3&#8243;][vc_column_text]Den Kunst lebt nicht durch Grenzen und Ausschluss, sie lebt von Beteiligung und Bewegung.<\/p>\n<p>Die sich immer neu definierende Gesellschaft ist im Wandel, mobile Kultur ist gefragt, auf eine kreative und innovativen Art und Weise.Das ganze erfordert eine k\u00fcnstlerische H\u00f6chstleistung.Kultur klar,zug\u00e4nglich und verst\u00e4ndlich zu definieren.Als Freundschaftskreis ist dies unsere Philosophie und Unsere K\u00fcnstler\/innen sehen sich als Motivator, Kunst ( Kultur ) zu schaffen und umzusetzen.[\/vc_column_text][vc_column_text][\/vc_column_text][\/vc_tta_section][vc_tta_section title=&#8220;Was wir wollen :&#8220; tab_id=&#8220;1761586305949-1eb5a2ee-d555&#8243;][vc_column_text]Der K\u00fcnstlerfreundschaftskreis will durch seine Aktivit\u00e4ten das kulturelle und gesellschaftliche Leben der Stadt und der gesamten Region bereichern. Die Angebote wenden sich sowohl an Einwohner als auch an Touristen. Die K\u00fcnstler untereinander zu solidarisieren und zu vernetzen;<br \/>\nDie \u00d6ffentlichkeit auf die Missst\u00e4nde hinzuweisen und Aufkl\u00e4rungsarbeit hinsichtlich des Berufsbildes K\u00fcnstler zu leisten.<br \/>\nDie essentielle Bedeutung und den einzigartigen Wert der Kunst und der K\u00fcnstler ins Bewusstsein der Gesellschaft zu r\u00fccken.<br \/>\nDie am Kulturbetrieb Beteiligten \u2013 K\u00fcnstler, Veranstalter, Intendanten, Agenten, Lehrer, Kulturpolitiker etc. \u2013 an einen Tisch zu bringen und gemeinsam, im konstruktiven Dialog, Ma\u00dfnahmen zur Verbesserung der Situation zu finden und diese umzusetzen.<br \/>\nDie Kunst und Kulturpflege Veranstaltungen von Ausstellungen und Zusammenk\u00fcnfte, Teilnahme an Ausstellungen mit anderen Vereinen ( Einzelpersonen ). Kunst und Kulturvernetzung.[\/vc_column_text][vc_column_text][\/vc_column_text][\/vc_tta_section][vc_tta_section title=&#8220;Unsere Vision der zuk\u00fcnftigen Entwicklung :&#8220; tab_id=&#8220;1761586378386-eeb077e4-6bfd&#8220;][vc_column_text]Der Wunsch von Art Novem , einen niedrigschwelligen Zugang zur Kunst zu gew\u00e4hrleisten, trifft auf k\u00fcnstlerische Qualit\u00e4tsanspr\u00fcche. In diesem Spannungsfeld muss in Zukunft also zwischen verschiedenen inhaltlichen Ans\u00e4tzen, Arbeitsweisen und Anspr\u00fcchen vermittelt werden.<br \/>\nEin qualifiziertes Leistungsangebot und f\u00fcr den K\u00fcnstler\/innen eine leicht abrufbare fachliche Hilfe.Formen unserer k\u00fcnstlerisch-kulturellen Arbeit Sie sollen helfen, die zu vermittelnden rationalen Inhalte emotional zu verankern.Die Vermischung von Hoch-, Sub- und Popul\u00e4rkultur wird f\u00fcr alle Seiten eine Erweiterung ihres Horizonts bedeuten.<br \/>\nFreir\u00e4ume f\u00fcr k\u00fcnstlerische und kulturelle Entwicklung :<br \/>\ninnovative, zeitbezogene und experimentelle Kulturformen; gesellschaftspolitische Relevanz; interkulturelle, inklusive und soziokulturelle Aktivit\u00e4ten mit beispielgebendem, innovatorischem Charakter; eigene Produktionen\/Eigenkreativit\u00e4t; Aktivit\u00e4ten von \u00fcberregionalem Interesse; kulturelle Aktivierung und Kulturvermittlung; Entwicklungsf\u00e4higkeit; hohe Qualit\u00e4t, sowohl im k\u00fcnstlerischen als auch im administrativ-organisatorischen Bereich; nachhaltige, kontinuierliche Kulturarbeit;<br \/>\nwichtiger Kulturversorger der Region. Ber\u00fccksichtigung wirtschaftlich strukturschwacher oder sozial Benachteiligter.[\/vc_column_text][vc_column_text][\/vc_column_text][\/vc_tta_section][vc_tta_section title=&#8220;Herausgeber \/ Redaktion :&#8220; tab_id=&#8220;1761586505560-0ff28d29-6903&#8243;][vc_column_text]Der K\u00fcnstlerfreundschaftskreis versteht sich als Vermittler und Ansprechpartner f\u00fcr Kunst, K\u00fcnstler und Kultur und die Zusammenarbeit mit Sozialen.<br \/>\nArt Novem : K\u00fcnstlerfreundschaftskreis<br \/>\nKooperation \u2013 K\u00fcnstler \u2013 Unternehmen \u2013 Soziales \u2013 Vernetzung<br \/>\ngestalten , entwickeln , ver\u00e4ndern , bewegen<\/p>\n<p>Kontakt : Leitung \/ Gerald Kakl<br \/>\nHoffmangasse 10<br \/>\n9020 Klagenfurt am W\u00f6rthersee<br \/>\ncontact@kunst-haus.at<br \/>\nartnovem@web.de<br \/>\nwww.kunst-haus.at<br \/>\nTel : 0664\/ 1964 164[\/vc_column_text][vc_column_text][\/vc_column_text][\/vc_tta_section][\/vc_tta_accordion][\/vc_column][\/vc_row]<\/p>\n","protected":false},"excerpt":{"rendered":"<p>[vc_row][vc_column][\/vc_column][\/vc_row][vc_row][vc_column][vc_hoverbox image=&#8220;11710&#8243; primary_title=&#8220;&#8220; primary_align=&#8220;left&#8220; hover_title=&#8220;About Kunst-haus&#8220;]Im K\u00fcnstlerfreunschaftskreis ist jeder herzlich willkommen. &nbsp; &nbsp; [\/vc_hoverbox][\/vc_column][\/vc_row][vc_row][vc_column][\/vc_column][\/vc_row][vc_row][vc_column][vc_tta_accordion][vc_tta_section title=&#8220;Einleitung :&#8220; tab_id=&#8220;1761584651095-c5e19341-a3fa&#8220;][vc_column_text]Es enth\u00e4lt unsere Motivationen und Ziele \u2013 warum und f\u00fcr wen wir das alles machen. Wir sind nicht nur ein K\u00fcnstlerfreunschaftskreis : wir sind offener, sozialer und kulturell vielf\u00e4ltiger eine Bewegung. Eine gute Frage.<span class=\"more-link\"><a href=\"http:\/\/www.kunst-haus.at\/?page_id=12225\">Weiterlesen<\/a><\/span><\/p>\n","protected":false},"author":1,"featured_media":11710,"parent":0,"menu_order":0,"comment_status":"closed","ping_status":"closed","template":"","meta":{"_monsterinsights_skip_tracking":false,"_monsterinsights_sitenote_active":false,"_monsterinsights_sitenote_note":"","_monsterinsights_sitenote_category":0,"ngg_post_thumbnail":0,"footnotes":""},"class_list":["entry","author-wordpressadmin","post-12225","page","type-page","status-publish","has-post-thumbnail"],"_links":{"self":[{"href":"http:\/\/www.kunst-haus.at\/index.php?rest_route=\/wp\/v2\/pages\/12225","targetHints":{"allow":["GET"]}}],"collection":[{"href":"http:\/\/www.kunst-haus.at\/index.php?rest_route=\/wp\/v2\/pages"}],"about":[{"href":"http:\/\/www.kunst-haus.at\/index.php?rest_route=\/wp\/v2\/types\/page"}],"author":[{"embeddable":true,"href":"http:\/\/www.kunst-haus.at\/index.php?rest_route=\/wp\/v2\/users\/1"}],"replies":[{"embeddable":true,"href":"http:\/\/www.kunst-haus.at\/index.php?rest_route=%2Fwp%2Fv2%2Fcomments&post=12225"}],"version-history":[{"count":6,"href":"http:\/\/www.kunst-haus.at\/index.php?rest_route=\/wp\/v2\/pages\/12225\/revisions"}],"predecessor-version":[{"id":12256,"href":"http:\/\/www.kunst-haus.at\/index.php?rest_route=\/wp\/v2\/pages\/12225\/revisions\/12256"}],"wp:featuredmedia":[{"embeddable":true,"href":"http:\/\/www.kunst-haus.at\/index.php?rest_route=\/wp\/v2\/media\/11710"}],"wp:attachment":[{"href":"http:\/\/www.kunst-haus.at\/index.php?rest_route=%2Fwp%2Fv2%2Fmedia&parent=12225"}],"curies":[{"name":"wp","href":"https:\/\/api.w.org\/{rel}","templated":true}]}}