{"id":12147,"date":"2025-11-20T12:17:00","date_gmt":"2025-11-20T11:17:00","guid":{"rendered":"http:\/\/www.kunst-haus.at\/?page_id=12147"},"modified":"2025-12-14T12:54:38","modified_gmt":"2025-12-14T11:54:38","slug":"veranstaltungen","status":"publish","type":"page","link":"http:\/\/www.kunst-haus.at\/?page_id=12147","title":{"rendered":"Veranstaltungen"},"content":{"rendered":"<p>[vc_row][vc_column][vc_hoverbox image=&#8220;12692&#8243; primary_title=&#8220;&#8220; hover_title=&#8220;Feldkirchen \/ Veranstaltungen&#8220;]Hier findet Ihr die aktuellen und zuk\u00fcnftigen Veranstaltungen.[\/vc_hoverbox][\/vc_column][\/vc_row][vc_row][vc_column][vc_column_text]<!-- \/wp:post-content --><br \/>\n<!-- wp:quote --><\/p>\n<blockquote class=\"wp-block-quote\"><p><strong>Tauchen Sie ein in eine wundersch\u00f6ne Vielfalt von Angeboten, Veranstaltungen und Informationen, die die sch\u00f6ne Stadt Feldkirchen zu bieten hat,besuchen Sie unsere sch\u00f6ne Stadt und lassen Sie es sich gut gehen.<\/strong><\/p><\/blockquote>\n<p>[\/vc_column_text][vc_btn title=&#8220;Besuchen&#8220; style=&#8220;classic&#8220; color=&#8220;success&#8220; link=&#8220;url:https%3A%2F%2Fwww.feldkirchen.at%2Ffeldkirchen-leben%2Fkommende-veranstaltungen%23in-feldkirchen|target:_blank&#8220; css=&#8220;.vc_custom_1763577999515{background-color: #134d8c !important;}&#8220;][vc_gallery type=&#8220;nivo&#8220; interval=&#8220;3&#8243; images=&#8220;12827,12828,12829,12830,12831,12832,12833,12834&#8243; img_size=&#8220;full&#8220;][\/vc_column][\/vc_row][vc_row][vc_column][vc_hoverbox image=&#8220;12506&#8243; primary_title=&#8220;&#8220; hover_title=&#8220;Cafe im Lustgarten&#8220; hover_btn_title=&#8220;Cafe im Lustgarten&#8220; hover_btn_color=&#8220;warning&#8220; hover_btn_i_icon_fontawesome=&#8220;fas fa-mug-hot&#8220; hover_add_button=&#8220;true&#8220; hover_btn_add_icon=&#8220;true&#8220;]Hier findet Ihr die aktuellen und zuk\u00fcnftigen Veranstaltungen.[\/vc_hoverbox][vc_column_text]<!-- \/wp:quote --><\/p>\n<p>&nbsp;<\/p>\n<!-- wp:quote -->\n<blockquote class=\"wp-block-quote\"><p><strong>Geniessen und entspannen Sie sich in unserem Cafe oder im GastGARTEN. Wenn Sie angenehme Unterhaltung suchen, besuchen Sie unbedingt eine unserer Veranstaltungen.<\/strong><\/p><\/blockquote>\n<p>[\/vc_column_text][vc_btn title=&#8220;Besuchen&#8220; style=&#8220;classic&#8220; color=&#8220;success&#8220; link=&#8220;url:https%3A%2F%2Fwww.lustgarten.at%2F13%2Fde%2FVeranstaltungen%20%20%20|title:Veranstaltungen|target:_blank&#8220; css=&#8220;.vc_custom_1763636383755{background-color: #134d8c !important;}&#8220;][\/vc_column][\/vc_row]<\/p>\n","protected":false},"excerpt":{"rendered":"<p>[vc_row][vc_column][vc_hoverbox image=&#8220;12692&#8243; primary_title=&#8220;&#8220; hover_title=&#8220;Feldkirchen \/ Veranstaltungen&#8220;]Hier findet Ihr die aktuellen und zuk\u00fcnftigen Veranstaltungen.[\/vc_hoverbox][\/vc_column][\/vc_row][vc_row][vc_column][vc_column_text] Tauchen Sie ein in eine wundersch\u00f6ne Vielfalt von Angeboten, Veranstaltungen und Informationen, die die sch\u00f6ne Stadt Feldkirchen zu bieten hat,besuchen Sie unsere sch\u00f6ne Stadt und lassen Sie es sich gut gehen. [\/vc_column_text][vc_btn title=&#8220;Besuchen&#8220; style=&#8220;classic&#8220; color=&#8220;success&#8220; link=&#8220;url:https%3A%2F%2Fwww.feldkirchen.at%2Ffeldkirchen-leben%2Fkommende-veranstaltungen%23in-feldkirchen|target:_blank&#8220; css=&#8220;.vc_custom_1763577999515{background-color:<span class=\"more-link\"><a href=\"http:\/\/www.kunst-haus.at\/?page_id=12147\">Weiterlesen<\/a><\/span><\/p>\n","protected":false},"author":1,"featured_media":12318,"parent":0,"menu_order":0,"comment_status":"closed","ping_status":"open","template":"","meta":{"_monsterinsights_skip_tracking":false,"_monsterinsights_sitenote_active":false,"_monsterinsights_sitenote_note":"","_monsterinsights_sitenote_category":0,"ngg_post_thumbnail":0,"footnotes":""},"class_list":["entry","author-wordpressadmin","post-12147","page","type-page","status-publish","has-post-thumbnail"],"_links":{"self":[{"href":"http:\/\/www.kunst-haus.at\/index.php?rest_route=\/wp\/v2\/pages\/12147","targetHints":{"allow":["GET"]}}],"collection":[{"href":"http:\/\/www.kunst-haus.at\/index.php?rest_route=\/wp\/v2\/pages"}],"about":[{"href":"http:\/\/www.kunst-haus.at\/index.php?rest_route=\/wp\/v2\/types\/page"}],"author":[{"embeddable":true,"href":"http:\/\/www.kunst-haus.at\/index.php?rest_route=\/wp\/v2\/users\/1"}],"replies":[{"embeddable":true,"href":"http:\/\/www.kunst-haus.at\/index.php?rest_route=%2Fwp%2Fv2%2Fcomments&post=12147"}],"version-history":[{"count":12,"href":"http:\/\/www.kunst-haus.at\/index.php?rest_route=\/wp\/v2\/pages\/12147\/revisions"}],"predecessor-version":[{"id":12835,"href":"http:\/\/www.kunst-haus.at\/index.php?rest_route=\/wp\/v2\/pages\/12147\/revisions\/12835"}],"wp:featuredmedia":[{"embeddable":true,"href":"http:\/\/www.kunst-haus.at\/index.php?rest_route=\/wp\/v2\/media\/12318"}],"wp:attachment":[{"href":"http:\/\/www.kunst-haus.at\/index.php?rest_route=%2Fwp%2Fv2%2Fmedia&parent=12147"}],"curies":[{"name":"wp","href":"https:\/\/api.w.org\/{rel}","templated":true}]}}