{"id":12126,"date":"2025-11-06T19:39:34","date_gmt":"2025-11-06T18:39:34","guid":{"rendered":"http:\/\/www.kunst-haus.at\/?page_id=12126"},"modified":"2025-11-27T12:17:39","modified_gmt":"2025-11-27T11:17:39","slug":"tag-der-erde","status":"publish","type":"page","link":"http:\/\/www.kunst-haus.at\/?page_id=12126","title":{"rendered":"Tag der Erde"},"content":{"rendered":"<p>[vc_row][vc_column][vc_single_image image=&#8220;11857&#8243; img_size=&#8220;full&#8220; css_animation=&#8220;appear&#8220;][vc_row_inner][vc_column_inner][vc_text_separator title=&#8220;Tag der Erde&#8220;][vc_cta h2=&#8220;Tag der Erde &#8211; International Mother Earth Day. Auff\u00fchrung &#8211; Lebenswert-Der Gedankenwald&#8220;]<strong>Das Leben ist lebenswert. Es stellt sich jedoch die Frage: Wie soll unsere Umwelt in der Zukunft aussehen?Jeder einzelne hinterl\u00e4sst seinen ganz pers\u00f6nlichen \u00f6kologischen Fu\u00dfabdruck und ist somit bereits jetzt zum aktiven Handeln aufgefordert.<br \/>\n<\/strong>[\/vc_cta][vc_column_text]Das Leben ist lebenswert. Es stellt sich jedoch die Frage: Wie soll unsere Umwelt in der Zukunft aussehen? Jeder einzelne hinterl\u00e4sst seinen ganz pers\u00f6nlichen \u00f6kologischen Fu\u00dfabdruck und ist somit bereits jetzt zum aktiven Handeln aufgefordert. Dies stellt jedoch f\u00fcr viele eine scheinbar un\u00fcberwindbare Herausforderung dar, da Bewusstsein und eigenes Verhalten oft nicht im Einklang stehen. Die Wahrnehmung sollte also neu orientiert und der Fokus auf ein liebevolles Miteinander gerichtet werden. Nachhaltigkeit im Alltag ist umsetzbar. Botschaften, Denkanst\u00f6\u00dfe, Ideen und m\u00f6gliche Antworten werden in Form einer Geschichte vermittelt. Diese Geschichte wird von einer alles verbindenden Musik getragen.[\/vc_column_text][vc_column_text]Jeder der Teilnehmer hat sich nun \u00fcber einen l\u00e4ngeren Zeitraum mit dem Thema auseinandergesetzt und bringt sich auf individuelle Weise in das Programm ein. Dieses w\u00e4chst fast organisch und findet immer klarere Konturen. So ergaben sich nach und nach aus den Werken, Beitr\u00e4gen und Ansichten verschiedene Aspekte (Unterthemen), die gemeinsam weiter ausgearbeitet, k\u00fcnstlerisch umgesetzt und st\u00e4ndig verfeinert werden.[\/vc_column_text][vc_cta h2=&#8220;Das Leben ist lebenswert \/ Der Gedankenwald Beschreibung : der Auff\u00fchrung und der Ausstellung.&#8220;]<strong>K\u00fcnstler der Bildenden und Darstellenden Kunst in Zusammenarbeit mit der Stadt Feldkichen interpretieren selbiges Thema in Form einer k\u00fcnstlerisch gestalteten Geschichte, die sie gemeinsam erarbeiteten.<br \/>\nDer Tanz ,die Werke und die Musik erz\u00e4hlen die Geschichte zum Thema.<br \/>\n<\/strong>[\/vc_cta][vc_column_text]Sie bindet alle Beitr\u00e4ge ein das bedeutet : die Beitr\u00e4ge , und die neinanderkettung von Unterthemen bilden die Geschichte.Beginnend mit dem Mensch der sich mit dem Thema, in Form seiner Gedanken auseinandersetzt und Endet mit dem Mensch ,der Antwortet findet.<\/p>\n<p>Diese Gedanken werden von T\u00e4nzerinnen symbolisiert,wir nennen sie Geistige Reisef\u00fchrer in der Gedankenwelt und begleiteten das\u00a0 Publikum zu den verschiedenen Themas der Gedanken.<\/p>\n<p>Vom Denken zum Handeln : Dieses Programm beinhaltet folgende Gedanken.[\/vc_column_text][vc_column_text]<strong>1.Wasser \u2013 Ursprung des Lebens .2.der K\u00f6rper .3. die Seele.<\/strong><br \/>\n<strong>4. Gleichberechtigung. 5. Maske\/ Selbstliebe. 6. Natur &#8211; zur\u00fcck zum<\/strong><br \/>\n<strong>Ursprung. 7. Umweltproblematik\/Technisierung. 8. L\u00f6sungsansatz &#8211; <\/strong><br \/>\n<strong>Zur\u00fcck zu den Wurzeln. 9. Umsetzung in Liebe<\/strong>[\/vc_column_text][\/vc_column_inner][\/vc_row_inner][\/vc_column][\/vc_row][vc_row][vc_column][vc_cta h2=&#8220;Vielen Herzlichen Dank an die Stadt Feldkirchen.&#8220;]<strong>F\u00fcr die zur Verf\u00fcgung gestellten R\u00e4umlichkeiten und Werbung von Hr.B\u00fcrgermeister Martin Treffner.An das MF-Marketing GmbH Feldkirchen Andrea Pecile und Mag. Erhard Bla\u00dfnig f\u00fcr Ihr Arrangement. F\u00fcr Licht und Ton Technik ,Dominik Binder ,Franz Unterberger ( Photograph ) Wolfgang Vogler : ( Arragement u.Einsatz )<br \/>\n<\/strong>[\/vc_cta][\/vc_column][\/vc_row][vc_row][vc_column][vc_single_image image=&#8220;11032&#8243; img_size=&#8220;full&#8220; css_animation=&#8220;appear&#8220;][\/vc_column][\/vc_row][vc_row][vc_column][vc_cta h2=&#8220;Vielen Herzlichen Dank an alle K\u00fcnstler die an dieser Veranstaltung teilnahmen und an das zahlreiche Publikum.&#8220;][\/vc_cta][vc_cta h2=&#8220;&#8220;]<strong>Tanzschule Choreo District aus Feldkirchen unter der Leitung von Alessandra- Sabrina- Sch\u00f6ffmann.<\/strong><\/p>\n<p><strong>Maggie J. ( Dudelsack)<\/strong><br \/>\n<strong>Regina Schwandt : ( Autorin ,Texte und Geschichten )<\/strong><br \/>\n<strong>Robert Trettenbrein : ( Bandoneon )<\/strong><br \/>\n<strong>Centauri Alpha : ( Liedermacher )<\/strong><br \/>\n<strong>CBCR &amp; Friends : ( Kompositionen, Instrumentalmusik )<\/strong><\/p>\n<p>&nbsp;<\/p>\n<p>&nbsp;[\/vc_cta][vc_cta h2=&#8220;Bildende K\u00fcnstler\/innen&#8220;]<strong>Petra Elisabeth Ilias,Manuela J\u00fcrgens,Melitta Otti,Constance Stabik,Franz Fugger,Berend Schabus,Peter Kuschar,Markus Winkler,Ralf Ortner,Karl Schnabl,Max J\u00fcrgens,Franz Unterberger<\/strong>[\/vc_cta][\/vc_column][\/vc_row][vc_row][vc_column][vc_single_image image=&#8220;12131&#8243; img_size=&#8220;full&#8220; css_animation=&#8220;appear&#8220;][\/vc_column][\/vc_row][vc_row][vc_column][vc_hoverbox image=&#8220;12325&#8243; primary_title=&#8220;Gallery&#8220; hover_title=&#8220;Gallery&#8220; hover_background_color=&#8220;orange&#8220; hover_btn_title=&#8220;Der Gedankenwald&#8220; hover_btn_color=&#8220;vista-blue&#8220; hover_add_button=&#8220;true&#8220; hover_btn_link=&#8220;url:http%3A%2F%2Fwww.kunst-haus.at%2F%3Fpage_id%3D12152|title:der%20gedankenwald&#8220;][\/vc_hoverbox][\/vc_column][\/vc_row]<\/p>\n","protected":false},"excerpt":{"rendered":"<p>[vc_row][vc_column][vc_single_image image=&#8220;11857&#8243; img_size=&#8220;full&#8220; css_animation=&#8220;appear&#8220;][vc_row_inner][vc_column_inner][vc_text_separator title=&#8220;Tag der Erde&#8220;][vc_cta h2=&#8220;Tag der Erde &#8211; International Mother Earth Day. Auff\u00fchrung &#8211; Lebenswert-Der Gedankenwald&#8220;]Das Leben ist lebenswert. Es stellt sich jedoch die Frage: Wie soll unsere Umwelt in der Zukunft aussehen?Jeder einzelne hinterl\u00e4sst seinen ganz pers\u00f6nlichen \u00f6kologischen Fu\u00dfabdruck und ist somit bereits jetzt zum aktiven<span class=\"more-link\"><a href=\"http:\/\/www.kunst-haus.at\/?page_id=12126\">Weiterlesen<\/a><\/span><\/p>\n","protected":false},"author":1,"featured_media":12325,"parent":0,"menu_order":0,"comment_status":"closed","ping_status":"closed","template":"","meta":{"_monsterinsights_skip_tracking":false,"_monsterinsights_sitenote_active":false,"_monsterinsights_sitenote_note":"","_monsterinsights_sitenote_category":0,"ngg_post_thumbnail":0,"footnotes":""},"class_list":["entry","author-wordpressadmin","post-12126","page","type-page","status-publish","has-post-thumbnail"],"_links":{"self":[{"href":"http:\/\/www.kunst-haus.at\/index.php?rest_route=\/wp\/v2\/pages\/12126","targetHints":{"allow":["GET"]}}],"collection":[{"href":"http:\/\/www.kunst-haus.at\/index.php?rest_route=\/wp\/v2\/pages"}],"about":[{"href":"http:\/\/www.kunst-haus.at\/index.php?rest_route=\/wp\/v2\/types\/page"}],"author":[{"embeddable":true,"href":"http:\/\/www.kunst-haus.at\/index.php?rest_route=\/wp\/v2\/users\/1"}],"replies":[{"embeddable":true,"href":"http:\/\/www.kunst-haus.at\/index.php?rest_route=%2Fwp%2Fv2%2Fcomments&post=12126"}],"version-history":[{"count":14,"href":"http:\/\/www.kunst-haus.at\/index.php?rest_route=\/wp\/v2\/pages\/12126\/revisions"}],"predecessor-version":[{"id":12774,"href":"http:\/\/www.kunst-haus.at\/index.php?rest_route=\/wp\/v2\/pages\/12126\/revisions\/12774"}],"wp:featuredmedia":[{"embeddable":true,"href":"http:\/\/www.kunst-haus.at\/index.php?rest_route=\/wp\/v2\/media\/12325"}],"wp:attachment":[{"href":"http:\/\/www.kunst-haus.at\/index.php?rest_route=%2Fwp%2Fv2%2Fmedia&parent=12126"}],"curies":[{"name":"wp","href":"https:\/\/api.w.org\/{rel}","templated":true}]}}