{"id":12110,"date":"2025-11-03T20:18:15","date_gmt":"2025-11-03T19:18:15","guid":{"rendered":"http:\/\/www.kunst-haus.at\/?page_id=12110"},"modified":"2025-12-28T19:13:12","modified_gmt":"2025-12-28T18:13:12","slug":"impressum","status":"publish","type":"page","link":"http:\/\/www.kunst-haus.at\/?page_id=12110","title":{"rendered":"IMPRESSUM"},"content":{"rendered":"<p>[vc_row][vc_column][\/vc_column][\/vc_row][vc_row][vc_column][vc_hoverbox image=&#8220;11710&#8243; primary_title=&#8220;&#8220; primary_align=&#8220;left&#8220; hover_title=&#8220;IMPRESSUM&#8220;]Wir freuen uns \u00fcber Ihr Interesse an unserer Website. Nachfolgend finden Sie Informationen, welche Daten w\u00e4hrend Ihres Besuchs auf dieser von uns betriebener Website erfasst und wie diese genutzt werden kann.<\/p>\n<p>&nbsp;[\/vc_hoverbox][vc_tta_accordion][vc_tta_section title=&#8220;kunst-haus.at&#8220; tab_id=&#8220;1761589059322-1a567428-eaeb&#8220;][vc_column_text]kunst-haus.at \/ versteht sich als Internet-Plattform, welche Inhalte, die auch durch externe Dritte zur Verf\u00fcgung gestellt werden, ver\u00f6ffentlicht. Die Inhalte werden vom K\u00fcnstlerfreundschaftskreis gesammelt, geb\u00fcndelt, aufbereitet und ver\u00f6ffentlicht.[\/vc_column_text][\/vc_tta_section][vc_tta_section title=&#8220;Der K\u00fcnstlerfreunschaftskreis&#8220; tab_id=&#8220;1761589243879-2576db05-32df&#8220;][vc_column_text]Der K\u00fcnstlerfreunschaftskreis verpflichtet sich nicht zur Objektivit\u00e4t bzw. unabh\u00e4ngigen Berichterstattung. Die ver\u00f6ffentlichten Inhalte geben Meinungen der Verf\u00fcgung stellenden Dritten ( Autoren ) wieder, in deren Besitz und Urheberschaft s\u00e4mtliche Inhalte auch verbleiben.<br \/>\nDie auf der Homepage verwendeten Bilder stehen unter dem Urheberrecht von den jeweiligen Kunstschaffenden. Jede unautorisierte Verwendung ist illegal. Absprachen zu Urheber-, Nutzungs- und Ver\u00f6ffentlichungsrechten m\u00fcssen mit dem jeweiligen K\u00fcnstler (Fotographen) abgesprochen werden.<br \/>\nAnfragen zur Verwendung richten Sie bitte an folgende E-Mail-Adresse: contact@kunst-haus.at oder artnovem@web.de[\/vc_column_text][\/vc_tta_section][vc_tta_section title=&#8220;Portal ver\u00f6ffentlichte Inhalte&#8220; tab_id=&#8220;1761589330200-993fc586-9ac3&#8243;][vc_column_text]Die in den Portalen ver\u00f6ffentlichten Inhalte stellen alleinig die Meinung der jeweils auftretenden Autoren dar und sind nicht die Meinungen des Freundschaftskreises.<br \/>\nDiese Seite enth\u00e4lt Links zu externen Webseiten Dritter, auf deren Inhalte wir keinen Einfluss haben. Deshalb k\u00f6nnen wir f\u00fcr diese fremden Inhalte auch keine Gew\u00e4hr \u00fcbernehmen. F\u00fcr die Inhalte der verlinkten Seiten ist stets der jeweilige Anbieter oder Betreiber der Seiten verantwortlich. Die verlinkten Seiten wurden zum Zeitpunkt der Verlinkung auf m\u00f6gliche Rechtsverst\u00f6\u00dfe \u00fcberpr\u00fcft. Rechtswidrige Inhalte waren zum Zeitpunkt der Verlinkung nicht erkennbar. Eine permanente inhaltliche Kontrolle der verlinkten Seiten ist jedoch ohne konkrete Anhaltspunkte einer Rechtsverletzung nicht zumutbar. Bei Bekanntwerden von Rechtsverletzungen werden derartige Links umgehend entfernen.[\/vc_column_text][\/vc_tta_section][vc_tta_section title=&#8220;Gew\u00e4hr oder Haftung&#8220; tab_id=&#8220;1761589417018-dd4b6271-75e8&#8243;][vc_column_text]Der Freundschaftskreis \u00fcbernimmt keine Gew\u00e4hr oder Haftung f\u00fcr die durchgehende vollst\u00e4ndige Verf\u00fcgbarkeit der Website oder f\u00fcr systembedingte Ausf\u00e4lle\/Nutzungseinschr\u00e4nkungen . Die Inhalte dieser Seiten wurden mit gr\u00f6\u00dfter Sorgfalt erstellt \u00fcbernimmt aber keinerlei Gew\u00e4hr oder Haftung f\u00fcr die Richtigkeit, Aktualit\u00e4t oder Vollst\u00e4ndigkeit der Inhalte, welche von dritter Seite erstellt und auf der Internet-Plattform kunst-haus ver\u00f6ffentlicht werden.[\/vc_column_text][\/vc_tta_section][vc_tta_section title=&#8220;Inhalte und Werke&#8220; tab_id=&#8220;1761589489551-708d1618-8349&#8243;][vc_column_text]Die durch die Seitenbetreiber und die mit dem Team erstellten Inhalte und Werke auf diesen Seiten unterliegen dem \u00f6sterreichischen Urheberrecht. Die Vervielf\u00e4ltigung, Bearbeitung, Verbreitung und jede Art der Verwertung au\u00dferhalb der Grenzen des Urheberrechtes bed\u00fcrfen der schriftlichen Zustimmung des jeweiligen Autors bzw. Erstellers. Downloads und Kopien dieser Seite sind nur f\u00fcr den privaten, nicht kommerziellen Gebrauch gestattet. Soweit die Inhalte auf dieser Seite nicht vom Betreiber erstellt wurden, werden die Urheberrechte Dritter beachtet. Insbesondere werden Inhalte Dritter als solche gekennzeichnet. Sollten Sie trotzdem auf eine Urheberrechtsverletzung aufmerksam werden, bitte ich um einen entsprechenden Hinweis. Bei Bekanntwerden von Rechtsverletzungen werde wir derartige Inhalte umgehend entfernen.[\/vc_column_text][\/vc_tta_section][vc_tta_section title=&#8220;Urheberrecht&#8220; tab_id=&#8220;1761589585469-e4d17ae2-2db8&#8243;][vc_column_text]Art Novem: K\u00fcnstlerfreundschaftskreis erhebt keinerlei Anspruch auf Urheberschaft hinsichtlich der Inhalte, welche von dritter Seite zur Verf\u00fcgung gestellt bzw. ver\u00f6ffentlicht werden. Hinsichtlich sonstiger Elemente der Internet-Plattform , welche ausschlie\u00dflich von Art Novem gestaltet wurden, verbleiben s\u00e4mtliche Urheberrechte bei dieser.<br \/>\nDieses Urheberrecht umfasst auch s\u00e4mtliche gestalterischen Elemente der Internet-Plattform, insbesondere an ihrer Struktur und Gestaltung.[\/vc_column_text][\/vc_tta_section][vc_tta_section title=&#8220;Nutzung&#8220; tab_id=&#8220;1761589652488-8471841e-6c1d&#8220;][vc_column_text]Die Nutzung dieser Webseite ist in der Regel ohne Angabe personenbezogener Daten m\u00f6glich. Soweit auf dieser Seite personenbezogene Daten (beispielsweise Name, Anschrift oder E-Mail-Adressen) erhoben werden, erfolgt dies, soweit m\u00f6glich, stets auf freiwilliger Basis.<br \/>\nWir respektieren Ihre Privatsph\u00e4re und sch\u00fctzen Ihre Daten. Ihre Kontaktdaten werden weder verkauft noch ohne Ihre ausdr\u00fcckliche Zustimmung nicht an Dritte weitergegeben.[\/vc_column_text][\/vc_tta_section][vc_tta_section title=&#8220;Daten\u00fcbertragung&#8220; tab_id=&#8220;1761589707953-891c4f0a-214d&#8220;][vc_column_text]Wir weisen darauf hin, dass die Daten\u00fcbertragung im Internet (z.B. bei der Kommunikation per E-Mail) Sicherheitsl\u00fccken aufweisen kann. Ein l\u00fcckenloser Schutz der Daten vor dem Zugriff durch Dritte ist nicht m\u00f6glich. Der Nutzung von im Rahmen der Impressumspflicht ver\u00f6ffentlichten Kontaktdaten durch Dritte zur \u00dcbersendung von nicht ausdr\u00fccklich angeforderter Werbung und Informationsmaterialien wird hiermit ausdr\u00fccklich widersprochen. Die Betreiber der Seiten behalten sich ausdr\u00fccklich rechtliche Schritte im Falle der unverlangten Zusendung von Werbeinformationen, etwa durch Spam-Mails, vor.[\/vc_column_text][\/vc_tta_section][vc_tta_section title=&#8220;Gerichtsstand \/ Art und Signatur&#8220; tab_id=&#8220;1761589763253-43a90285-45aa&#8220;][vc_column_text]Es gilt \u00d6sterreichisches Recht, Gerichtsstand ist Klagenfurt.9020 Sollten einzelne Punkte dieser Bestimmungen ganz oder teilweise ung\u00fcltig sein oder werden, so ber\u00fchrt dies nicht die G\u00fcltigkeit, bzw. Wirksamkeit der \u00fcbrigen Punkte.<\/p>\n<p>ART AND SIGNATURE<br \/>\nGerald Kakl<br \/>\nAdresse : Hoffmangasse 10<br \/>\n9020 Klagenfurt<br \/>\ne-mail : artnovem@web.de<br \/>\ne-mail : contact@kunst-haus.at<br \/>\nwww.kunst-haus.at<br \/>\nTel : 0664\/ 1964 164<\/p>\n<p>Bankverbindung :<\/p>\n<p>Raiffeisenlandesbank K\u00e4rnten<\/p>\n<p>BLZ 39000<\/p>\n<p>Gerald Kakl &#8220; Art Novem &#8222;<\/p>\n<p>BIC\u00a0 \u00a0 : RZKTAT2K<\/p>\n<p>IBAN : AT93 3900 0000 0533 6821<\/p>\n<p>&nbsp;[\/vc_column_text][\/vc_tta_section][\/vc_tta_accordion][\/vc_column][\/vc_row][vc_row][vc_column][\/vc_column][\/vc_row][vc_row][vc_column][\/vc_column][\/vc_row]<\/p>\n","protected":false},"excerpt":{"rendered":"<p>[vc_row][vc_column][\/vc_column][\/vc_row][vc_row][vc_column][vc_hoverbox image=&#8220;11710&#8243; primary_title=&#8220;&#8220; primary_align=&#8220;left&#8220; hover_title=&#8220;IMPRESSUM&#8220;]Wir freuen uns \u00fcber Ihr Interesse an unserer Website. Nachfolgend finden Sie Informationen, welche Daten w\u00e4hrend Ihres Besuchs auf dieser von uns betriebener Website erfasst und wie diese genutzt werden kann. &nbsp;[\/vc_hoverbox][vc_tta_accordion][vc_tta_section title=&#8220;kunst-haus.at&#8220; tab_id=&#8220;1761589059322-1a567428-eaeb&#8220;][vc_column_text]kunst-haus.at \/ versteht sich als Internet-Plattform, welche Inhalte, die auch durch externe Dritte<span class=\"more-link\"><a href=\"http:\/\/www.kunst-haus.at\/?page_id=12110\">Weiterlesen<\/a><\/span><\/p>\n","protected":false},"author":1,"featured_media":11710,"parent":0,"menu_order":0,"comment_status":"closed","ping_status":"closed","template":"","meta":{"_monsterinsights_skip_tracking":false,"_monsterinsights_sitenote_active":false,"_monsterinsights_sitenote_note":"","_monsterinsights_sitenote_category":0,"ngg_post_thumbnail":0,"footnotes":""},"class_list":["entry","author-wordpressadmin","post-12110","page","type-page","status-publish","has-post-thumbnail"],"_links":{"self":[{"href":"http:\/\/www.kunst-haus.at\/index.php?rest_route=\/wp\/v2\/pages\/12110","targetHints":{"allow":["GET"]}}],"collection":[{"href":"http:\/\/www.kunst-haus.at\/index.php?rest_route=\/wp\/v2\/pages"}],"about":[{"href":"http:\/\/www.kunst-haus.at\/index.php?rest_route=\/wp\/v2\/types\/page"}],"author":[{"embeddable":true,"href":"http:\/\/www.kunst-haus.at\/index.php?rest_route=\/wp\/v2\/users\/1"}],"replies":[{"embeddable":true,"href":"http:\/\/www.kunst-haus.at\/index.php?rest_route=%2Fwp%2Fv2%2Fcomments&post=12110"}],"version-history":[{"count":6,"href":"http:\/\/www.kunst-haus.at\/index.php?rest_route=\/wp\/v2\/pages\/12110\/revisions"}],"predecessor-version":[{"id":12843,"href":"http:\/\/www.kunst-haus.at\/index.php?rest_route=\/wp\/v2\/pages\/12110\/revisions\/12843"}],"wp:featuredmedia":[{"embeddable":true,"href":"http:\/\/www.kunst-haus.at\/index.php?rest_route=\/wp\/v2\/media\/11710"}],"wp:attachment":[{"href":"http:\/\/www.kunst-haus.at\/index.php?rest_route=%2Fwp%2Fv2%2Fmedia&parent=12110"}],"curies":[{"name":"wp","href":"https:\/\/api.w.org\/{rel}","templated":true}]}}